{"id":724,"date":"2022-09-28T17:22:21","date_gmt":"2022-09-28T17:22:21","guid":{"rendered":"https:\/\/almagor-abogados.com\/?page_id=724"},"modified":"2022-10-13T05:16:59","modified_gmt":"2022-10-13T05:16:59","slug":"gracias-por-registrarse","status":"publish","type":"page","link":"https:\/\/almagor-abogados.com\/index.php\/gracias-por-registrarse\/","title":{"rendered":"Gracias por registrarse!"},"content":{"rendered":"\t\t<div data-elementor-type=\"wp-page\" data-elementor-id=\"724\" class=\"elementor elementor-724\">\n\t\t\t\t\t\t<div class=\"elementor-inner\">\n\t\t\t\t<div class=\"elementor-section-wrap\">\n\t\t\t\t\t\t\t\t\t<section class=\"elementor-section elementor-top-section elementor-element elementor-element-72fc5ac elementor-section-boxed elementor-section-height-default elementor-section-height-default\" data-id=\"72fc5ac\" data-element_type=\"section\" data-settings=\"{&quot;ekit_has_onepagescroll_dot&quot;:&quot;yes&quot;}\">\n\t\t\t\t\t\t<div class=\"elementor-container elementor-column-gap-default\">\n\t\t\t\t\t\t\t<div class=\"elementor-row\">\n\t\t\t\t\t<div class=\"elementor-column elementor-col-100 elementor-top-column elementor-element elementor-element-92b15b3\" data-id=\"92b15b3\" data-element_type=\"column\">\n\t\t\t<div class=\"elementor-column-wrap elementor-element-populated\">\n\t\t\t\t\t\t\t<div class=\"elementor-widget-wrap\">\n\t\t\t\t\t\t<div class=\"elementor-element elementor-element-730bd47 elementor-widget elementor-widget-elementskit-progressbar\" data-id=\"730bd47\" data-element_type=\"widget\" data-settings=\"{&quot;ekit_we_effect_on&quot;:&quot;none&quot;}\" data-widget_type=\"elementskit-progressbar.default\">\n\t\t\t\t<div class=\"elementor-widget-container\">\n\t\t\t<div class=\"ekit-wid-con\" >        <div class=\"waypoint-tigger\">\n            <div class=\"skillbar-group tooltip-style\" data-progress-bar>\n                <div class=\"single-skill-bar\">\n                                            <div class=\"skill-bar-content\">\n                            <span class=\"skill-title\">YA CASI ESTAS LISTO!<\/span>\n                        <\/div><!-- .skill-bar-content END -->\n                        <div class=\"skill-bar\">\n                            <div class=\"skill-track\">\n                                \n                                <div class=\"number-percentage-wraper\">\n                                    <span class=\"number-percentage\" data-value=\"90\" data-animation-duration=3500>0<\/span>%\n\n                                                                            <div class=\"svg-content\">\n                                            <svg version=\"1.1\" xmlns=\"https:\/\/www.w3.org\/2000\/svg\" xmlns:xlink=\"https:\/\/www.w3.org\/1999\/xlink\" preserveAspectRatio=\"none\" viewBox=\"0 0 116 79.6\"> <g> <path d=\"M0,18.3v21.3C0,49.8,8.2,58,18.3,58h5.9c7.8,0,15.3,3.1,20.8,8.6l13,13l13-13c5.5-5.5,13-8.6,20.8-8.6h5.9 c10.1,0,18.3-8.2,18.3-18.3V18.3C116,8.2,107.8,0,97.7,0H18.3C8.2,0,0,8.2,0,18.3z\"\/><\/g><\/svg>\n                                        <\/div>\n                                                                    <\/div>\n                            <\/div>\n                        <\/div><!-- .skill-bar END -->\n                                    <\/div><!-- .single-skill-bar END -->\n            <\/div><!-- .skillbar-group END -->\n        <\/div>\n        <\/div>\t\t<\/div>\n\t\t\t\t<\/div>\n\t\t\t\t\t\t<\/div>\n\t\t\t\t\t<\/div>\n\t\t<\/div>\n\t\t\t\t\t\t\t\t<\/div>\n\t\t\t\t\t<\/div>\n\t\t<\/section>\n\t\t\t\t<section class=\"elementor-section elementor-top-section elementor-element elementor-element-197dba4 elementor-section-boxed elementor-section-height-default elementor-section-height-default\" data-id=\"197dba4\" data-element_type=\"section\" data-settings=\"{&quot;ekit_has_onepagescroll_dot&quot;:&quot;yes&quot;}\">\n\t\t\t\t\t\t<div class=\"elementor-container elementor-column-gap-default\">\n\t\t\t\t\t\t\t<div class=\"elementor-row\">\n\t\t\t\t\t<div class=\"elementor-column elementor-col-100 elementor-top-column elementor-element elementor-element-95cd7f7\" data-id=\"95cd7f7\" data-element_type=\"column\">\n\t\t\t<div class=\"elementor-column-wrap elementor-element-populated\">\n\t\t\t\t\t\t\t<div class=\"elementor-widget-wrap\">\n\t\t\t\t\t\t<div class=\"elementor-element elementor-element-5d74efe elementor-widget elementor-widget-heading\" data-id=\"5d74efe\" data-element_type=\"widget\" data-settings=\"{&quot;ekit_we_effect_on&quot;:&quot;none&quot;}\" data-widget_type=\"heading.default\">\n\t\t\t\t<div class=\"elementor-widget-container\">\n\t\t\t<h2 class=\"elementor-heading-title elementor-size-default\">MUCHAS GRACIAS\n\n<\/h2>\t\t<\/div>\n\t\t\t\t<\/div>\n\t\t\t\t<div class=\"elementor-element elementor-element-c7f18a2 elementor-widget elementor-widget-heading\" data-id=\"c7f18a2\" data-element_type=\"widget\" data-settings=\"{&quot;ekit_we_effect_on&quot;:&quot;none&quot;}\" data-widget_type=\"heading.default\">\n\t\t\t\t<div class=\"elementor-widget-container\">\n\t\t\t<h1 class=\"elementor-heading-title elementor-size-default\">\u00a1FELICIDADES POR TOMAR ACCI\u00d3N!<\/h1>\t\t<\/div>\n\t\t\t\t<\/div>\n\t\t\t\t<div class=\"elementor-element elementor-element-382d13f elementor-widget elementor-widget-heading\" data-id=\"382d13f\" data-element_type=\"widget\" data-settings=\"{&quot;ekit_we_effect_on&quot;:&quot;none&quot;}\" data-widget_type=\"heading.default\">\n\t\t\t\t<div class=\"elementor-widget-container\">\n\t\t\t<h2 class=\"elementor-heading-title elementor-size-default\">Uno de Nuestros Expertos se pondr\u00e1 en contacto contigo a la brevedad para Agendar tu Consultor\u00eda.\n\n<\/h2>\t\t<\/div>\n\t\t\t\t<\/div>\n\t\t\t\t<div class=\"elementor-element elementor-element-ccbba43 elementor-widget elementor-widget-image\" data-id=\"ccbba43\" data-element_type=\"widget\" data-settings=\"{&quot;ekit_we_effect_on&quot;:&quot;none&quot;}\" data-widget_type=\"image.default\">\n\t\t\t\t<div class=\"elementor-widget-container\">\n\t\t\t\t\t\t\t\t<div class=\"elementor-image\">\n\t\t\t\t\t\t\t\t\t\t\t\t<img width=\"300\" height=\"216\" src=\"https:\/\/almagor-abogados.com\/wp-content\/uploads\/2021\/08\/attractive-female-entrepreneur-9PM6TMH-300x216.jpg\" class=\"attachment-medium size-medium wp-image-24\" alt=\"\" decoding=\"async\" loading=\"lazy\" srcset=\"https:\/\/almagor-abogados.com\/wp-content\/uploads\/2021\/08\/attractive-female-entrepreneur-9PM6TMH-300x216.jpg 300w, https:\/\/almagor-abogados.com\/wp-content\/uploads\/2021\/08\/attractive-female-entrepreneur-9PM6TMH-1024x736.jpg 1024w, https:\/\/almagor-abogados.com\/wp-content\/uploads\/2021\/08\/attractive-female-entrepreneur-9PM6TMH-768x552.jpg 768w, https:\/\/almagor-abogados.com\/wp-content\/uploads\/2021\/08\/attractive-female-entrepreneur-9PM6TMH-1536x1105.jpg 1536w, https:\/\/almagor-abogados.com\/wp-content\/uploads\/2021\/08\/attractive-female-entrepreneur-9PM6TMH-2048x1473.jpg 2048w\" sizes=\"(max-width: 300px) 100vw, 300px\" \/>\t\t\t\t\t\t\t\t\t\t\t\t\t\t<\/div>\n\t\t\t\t\t\t<\/div>\n\t\t\t\t<\/div>\n\t\t\t\t<div class=\"elementor-element elementor-element-bc2646c elementor-widget elementor-widget-heading\" data-id=\"bc2646c\" data-element_type=\"widget\" data-settings=\"{&quot;ekit_we_effect_on&quot;:&quot;none&quot;}\" data-widget_type=\"heading.default\">\n\t\t\t\t<div class=\"elementor-widget-container\">\n\t\t\t<h2 class=\"elementor-heading-title elementor-size-default\">NOTA DE DECISI\u00d3N INMEDIATA Y URGENTE:\n\n<\/h2>\t\t<\/div>\n\t\t\t\t<\/div>\n\t\t\t\t<div class=\"elementor-element elementor-element-83411b4 elementor-widget elementor-widget-heading\" data-id=\"83411b4\" data-element_type=\"widget\" data-settings=\"{&quot;ekit_we_effect_on&quot;:&quot;none&quot;}\" data-widget_type=\"heading.default\">\n\t\t\t\t<div class=\"elementor-widget-container\">\n\t\t\t<h2 class=\"elementor-heading-title elementor-size-default\"><b>Si quieres Tomar Ventaja y tener prioridad en tu Consultor\u00eda de Evaluaci\u00f3n, Avisanos directamente a Whatsapp.<\/b>\n<\/h2>\t\t<\/div>\n\t\t\t\t<\/div>\n\t\t\t\t<div class=\"elementor-element elementor-element-c822389 elementor-button-info elementor-align-center elementor-widget elementor-widget-button\" data-id=\"c822389\" data-element_type=\"widget\" data-settings=\"{&quot;ekit_we_effect_on&quot;:&quot;none&quot;}\" data-widget_type=\"button.default\">\n\t\t\t\t<div class=\"elementor-widget-container\">\n\t\t\t\t\t<div class=\"elementor-button-wrapper\">\n\t\t\t<a href=\"https:\/\/wa.link\/pp87j6\" class=\"elementor-button-link elementor-button elementor-size-md\" role=\"button\">\n\t\t\t\t\t\t<span class=\"elementor-button-content-wrapper\">\n\t\t\t\t\t\t\t<span class=\"elementor-button-icon elementor-align-icon-left\">\n\t\t\t\t<i aria-hidden=\"true\" class=\"fab fa-whatsapp\"><\/i>\t\t\t<\/span>\n\t\t\t\t\t\t<span class=\"elementor-button-text\">PRIORIZAR MI ASESOR\u00cdA<\/span>\n\t\t<\/span>\n\t\t\t\t\t<\/a>\n\t\t<\/div>\n\t\t\t\t<\/div>\n\t\t\t\t<\/div>\n\t\t\t\t\t\t<\/div>\n\t\t\t\t\t<\/div>\n\t\t<\/div>\n\t\t\t\t\t\t\t\t<\/div>\n\t\t\t\t\t<\/div>\n\t\t<\/section>\n\t\t\t\t\t\t\t\t\t<\/div>\n\t\t\t<\/div>\n\t\t\t\t\t<\/div>\n\t\t","protected":false},"excerpt":{"rendered":"<p>YA CASI ESTAS LISTO! 0% MUCHAS GRACIAS \u00a1FELICIDADES POR TOMAR ACCI\u00d3N! Uno de Nuestros Expertos se pondr\u00e1 en contacto contigo a la brevedad para Agendar tu Consultor\u00eda. NOTA DE DECISI\u00d3N INMEDIATA Y URGENTE: Si quieres Tomar Ventaja y tener prioridad en tu Consultor\u00eda de Evaluaci\u00f3n, Avisanos directamente a Whatsapp. PRIORIZAR MI ASESOR\u00cdA<\/p>\n","protected":false},"author":1,"featured_media":0,"parent":0,"menu_order":0,"comment_status":"closed","ping_status":"closed","template":"","meta":{"om_disable_all_campaigns":false,"_uag_custom_page_level_css":"","_mi_skip_tracking":false,"_monsterinsights_sitenote_active":false,"_monsterinsights_sitenote_note":"","_monsterinsights_sitenote_category":0,"site-sidebar-layout":"no-sidebar","site-content-layout":"page-builder","ast-global-header-display":"","ast-main-header-display":"","ast-hfb-above-header-display":"","ast-hfb-below-header-display":"","ast-hfb-mobile-header-display":"","site-post-title":"disabled","ast-breadcrumbs-content":"","ast-featured-img":"disabled","footer-sml-layout":"","theme-transparent-header-meta":"","adv-header-id-meta":"","stick-header-meta":"","header-above-stick-meta":"","header-main-stick-meta":"","header-below-stick-meta":"","_joinchat":[]},"aioseo_notices":[],"uagb_featured_image_src":{"full":false,"thumbnail":false,"medium":false,"medium_large":false,"large":false,"1536x1536":false,"2048x2048":false},"uagb_author_info":{"display_name":"almagor-abogados0102","author_link":"https:\/\/almagor-abogados.com\/index.php\/author\/almagor-abogados0102\/"},"uagb_comment_info":0,"uagb_excerpt":"YA CASI ESTAS LISTO! 0% MUCHAS GRACIAS \u00a1FELICIDADES POR TOMAR ACCI\u00d3N! Uno de Nuestros Expertos se pondr\u00e1 en contacto contigo a la brevedad para Agendar tu Consultor\u00eda. NOTA DE DECISI\u00d3N INMEDIATA Y URGENTE: Si quieres Tomar Ventaja y tener prioridad en tu Consultor\u00eda de Evaluaci\u00f3n, Avisanos directamente a Whatsapp. PRIORIZAR MI ASESOR\u00cdA","_links":{"self":[{"href":"https:\/\/almagor-abogados.com\/index.php\/wp-json\/wp\/v2\/pages\/724"}],"collection":[{"href":"https:\/\/almagor-abogados.com\/index.php\/wp-json\/wp\/v2\/pages"}],"about":[{"href":"https:\/\/almagor-abogados.com\/index.php\/wp-json\/wp\/v2\/types\/page"}],"author":[{"embeddable":true,"href":"https:\/\/almagor-abogados.com\/index.php\/wp-json\/wp\/v2\/users\/1"}],"replies":[{"embeddable":true,"href":"https:\/\/almagor-abogados.com\/index.php\/wp-json\/wp\/v2\/comments?post=724"}],"version-history":[{"count":38,"href":"https:\/\/almagor-abogados.com\/index.php\/wp-json\/wp\/v2\/pages\/724\/revisions"}],"predecessor-version":[{"id":1716,"href":"https:\/\/almagor-abogados.com\/index.php\/wp-json\/wp\/v2\/pages\/724\/revisions\/1716"}],"wp:attachment":[{"href":"https:\/\/almagor-abogados.com\/index.php\/wp-json\/wp\/v2\/media?parent=724"}],"curies":[{"name":"wp","href":"https:\/\/api.w.org\/{rel}","templated":true}]}}